{"id":115,"date":"2025-03-11T12:30:13","date_gmt":"2025-03-11T12:30:13","guid":{"rendered":"https:\/\/awarein.org\/?page_id=115"},"modified":"2025-06-18T15:34:55","modified_gmt":"2025-06-18T15:34:55","slug":"quem-somos","status":"publish","type":"page","link":"https:\/\/awarein.org\/en\/quem-somos\/","title":{"rendered":"About Us"},"content":{"rendered":"<div data-elementor-type=\"wp-page\" data-elementor-id=\"115\" class=\"elementor elementor-115\" data-elementor-post-type=\"page\">\n\t\t\t\t<div class=\"elementor-element elementor-element-bb6e21d e-flex e-con-boxed e-con e-parent\" data-id=\"bb6e21d\" data-element_type=\"container\" data-e-type=\"container\">\n\t\t\t\t\t<div class=\"e-con-inner\">\n\t\t\t\t<div class=\"elementor-element elementor-element-461e9d0 elementor-widget elementor-widget-spacer\" data-id=\"461e9d0\" data-element_type=\"widget\" data-e-type=\"widget\" data-widget_type=\"spacer.default\">\n\t\t\t\t<div class=\"elementor-widget-container\">\n\t\t\t\t\t\t\t<div class=\"elementor-spacer\">\n\t\t\t<div class=\"elementor-spacer-inner\"><\/div>\n\t\t<\/div>\n\t\t\t\t\t\t<\/div>\n\t\t\t\t<\/div>\n\t\t\t\t<div class=\"elementor-element elementor-element-c8f5b16 elementor-widget elementor-widget-heading\" data-id=\"c8f5b16\" data-element_type=\"widget\" data-e-type=\"widget\" data-widget_type=\"heading.default\">\n\t\t\t\t<div class=\"elementor-widget-container\">\n\t\t\t\t\t<h2 class=\"elementor-heading-title elementor-size-default\">Our Mission<\/h2>\t\t\t\t<\/div>\n\t\t\t\t<\/div>\n\t\t\t\t\t<\/div>\n\t\t\t\t<\/div>\n\t\t<div class=\"elementor-element elementor-element-4bf6d49 e-flex e-con-boxed e-con e-parent\" data-id=\"4bf6d49\" data-element_type=\"container\" data-e-type=\"container\">\n\t\t\t\t\t<div class=\"e-con-inner\">\n\t\t<div class=\"elementor-element elementor-element-11fd258 e-con-full e-flex e-con e-child\" data-id=\"11fd258\" data-element_type=\"container\" data-e-type=\"container\">\n\t\t<div class=\"elementor-element elementor-element-fdbed22 e-con-full e-flex e-con e-child\" data-id=\"fdbed22\" data-element_type=\"container\" data-e-type=\"container\">\n\t\t\t\t<div class=\"elementor-element elementor-element-35bb437 elementor-widget elementor-widget-image\" data-id=\"35bb437\" data-element_type=\"widget\" data-e-type=\"widget\" data-widget_type=\"image.default\">\n\t\t\t\t<div class=\"elementor-widget-container\">\n\t\t\t\t\t\t\t\t\t\t\t\t\t\t\t<img fetchpriority=\"high\" decoding=\"async\" width=\"800\" height=\"600\" src=\"https:\/\/awarein.org\/wp-content\/uploads\/2025\/03\/DF32D008-7B70-4C90-B512-6DC4270B3225-1024x768.jpeg\" class=\"attachment-large size-large wp-image-131\" alt=\"\" srcset=\"https:\/\/awarein.org\/wp-content\/uploads\/2025\/03\/DF32D008-7B70-4C90-B512-6DC4270B3225-1024x768.jpeg 1024w, https:\/\/awarein.org\/wp-content\/uploads\/2025\/03\/DF32D008-7B70-4C90-B512-6DC4270B3225-300x225.jpeg 300w, https:\/\/awarein.org\/wp-content\/uploads\/2025\/03\/DF32D008-7B70-4C90-B512-6DC4270B3225-768x576.jpeg 768w, https:\/\/awarein.org\/wp-content\/uploads\/2025\/03\/DF32D008-7B70-4C90-B512-6DC4270B3225-1536x1152.jpeg 1536w, https:\/\/awarein.org\/wp-content\/uploads\/2025\/03\/DF32D008-7B70-4C90-B512-6DC4270B3225-2048x1536.jpeg 2048w\" sizes=\"(max-width: 800px) 100vw, 800px\" \/>\t\t\t\t\t\t\t\t\t\t\t\t\t\t\t<\/div>\n\t\t\t\t<\/div>\n\t\t\t\t<\/div>\n\t\t<div class=\"elementor-element elementor-element-0445f04 e-con-full e-flex e-con e-child\" data-id=\"0445f04\" data-element_type=\"container\" data-e-type=\"container\">\n\t\t\t\t<div class=\"elementor-element elementor-element-93fb911 elementor-widget elementor-widget-text-editor\" data-id=\"93fb911\" data-element_type=\"widget\" data-e-type=\"widget\" data-widget_type=\"text-editor.default\">\n\t\t\t\t<div class=\"elementor-widget-container\">\n\t\t\t\t\t\t\t\t\t<p>Aware In is a non-profit youth association based in Madeira Island, committed to promoting self-awareness, emotional well-being and active citizenship. As mental health activists, we work to reduce stigmas and foster meaningful changes in the way society views emotions and personal challenges. We believe that every social transformation begins with a conscious first step as an individual, and for this reason, we develop initiatives that empower young people to actively and empathetically engage in the community.<\/p><p>A nossa miss\u00e3o \u00e9 atuar como um agente transformador na percep\u00e7\u00e3o da sa\u00fade mental e do desenvolvimento pessoal entre as diferentes gera\u00e7\u00f5es. Acreditamos que falar abertamente sobre emo\u00e7\u00f5es, desafios e dificuldades \u00e9 fundamental para construir uma cultura de empatia e inclus\u00e3o. Por meio da educa\u00e7\u00e3o e da divulga\u00e7\u00e3o de informa\u00e7\u00f5es corretas, esfor\u00e7amo-nos para quebrar barreiras e desconstruir estigmas associados \u00e0 sa\u00fade mental, apoiando as pessoas em sua jornada de autodescoberta e crescimento pessoal.<\/p><p>Vem conhecer-nos e junta-te a n\u00f3s na constru\u00e7\u00e3o de um futuro melhor.<\/p>\t\t\t\t\t\t\t\t<\/div>\n\t\t\t\t<\/div>\n\t\t\t\t<\/div>\n\t\t\t\t<\/div>\n\t\t\t\t\t<\/div>\n\t\t\t\t<\/div>\n\t\t<div class=\"elementor-element elementor-element-119bbac5 e-flex e-con-boxed e-con e-parent\" data-id=\"119bbac5\" data-element_type=\"container\" data-e-type=\"container\" data-settings=\"{&quot;background_background&quot;:&quot;classic&quot;}\">\n\t\t\t\t\t<div class=\"e-con-inner\">\n\t\t<div class=\"elementor-element elementor-element-4c814c95 e-con-full e-flex e-con e-child\" data-id=\"4c814c95\" data-element_type=\"container\" data-e-type=\"container\" data-settings=\"{&quot;background_background&quot;:&quot;classic&quot;}\">\n\t\t<div class=\"elementor-element elementor-element-229c5ff9 e-con-full e-flex e-con e-child\" data-id=\"229c5ff9\" data-element_type=\"container\" data-e-type=\"container\">\n\t\t\t\t<div class=\"elementor-element elementor-element-f74c32e elementor-widget elementor-widget-heading\" data-id=\"f74c32e\" data-element_type=\"widget\" data-e-type=\"widget\" data-widget_type=\"heading.default\">\n\t\t\t\t<div class=\"elementor-widget-container\">\n\t\t\t\t\t<h2 class=\"elementor-heading-title elementor-size-default\">Queres fazer parte da nossa equipa?<\/h2>\t\t\t\t<\/div>\n\t\t\t\t<\/div>\n\t\t\t\t<div class=\"elementor-element elementor-element-6366f520 elementor-widget elementor-widget-text-editor\" data-id=\"6366f520\" data-element_type=\"widget\" data-e-type=\"widget\" data-widget_type=\"text-editor.default\">\n\t\t\t\t<div class=\"elementor-widget-container\">\n\t\t\t\t\t\t\t\t\t<p>Are you interested in being part of a community committed to promoting self-knowledge and conscious citizenship? At Aware In, there is space for members, volunteers, partners and collaborators. We want to hear your ideas and work together to realize them in projects with social impact. Be part of our mission and come transform realities!<\/p>\t\t\t\t\t\t\t\t<\/div>\n\t\t\t\t<\/div>\n\t\t\t\t<\/div>\n\t\t<div class=\"elementor-element elementor-element-1a343652 e-con-full e-flex e-con e-child\" data-id=\"1a343652\" data-element_type=\"container\" data-e-type=\"container\">\n\t\t\t\t<div class=\"elementor-element elementor-element-331ff9bb elementor-button-align-stretch elementor-widget elementor-widget-form\" data-id=\"331ff9bb\" data-element_type=\"widget\" data-e-type=\"widget\" data-settings=\"{&quot;step_next_label&quot;:&quot;Next&quot;,&quot;step_previous_label&quot;:&quot;Previous&quot;,&quot;button_width&quot;:&quot;100&quot;,&quot;step_type&quot;:&quot;number_text&quot;,&quot;step_icon_shape&quot;:&quot;circle&quot;}\" data-widget_type=\"form.default\">\n\t\t\t\t<div class=\"elementor-widget-container\">\n\t\t\t\t\t\t\t<form class=\"elementor-form\" method=\"post\" name=\"Form voluntario\" action=\"\">\n\t\t\t<input type=\"hidden\" name=\"post_id\" value=\"115\"\/>\n\t\t\t<input type=\"hidden\" name=\"form_id\" value=\"331ff9bb\"\/>\n\t\t\t<input type=\"hidden\" name=\"referer_title\" value=\"Quem Somos\" \/>\n\n\t\t\t\t\t\t\t<input type=\"hidden\" name=\"queried_id\" value=\"115\"\/>\n\t\t\t\n\t\t\t<div class=\"elementor-form-fields-wrapper elementor-labels-\">\n\t\t\t\t\t\t\t\t<div class=\"elementor-field-type-radio elementor-field-group elementor-column elementor-field-group-field_832ea23 elementor-col-100\">\n\t\t\t\t\t\t\t\t\t\t\t\t<label for=\"form-field-field_832ea23\" class=\"elementor-field-label elementor-screen-only\">\n\t\t\t\t\t\t\t\ttipo\t\t\t\t\t\t\t<\/label>\n\t\t\t\t\t\t<div class=\"elementor-field-subgroup\"><span class=\"elementor-field-option\"><input type=\"radio\" value=\"Parcerias\/Colabora\u00e7\u00f5es\" id=\"form-field-field_832ea23-0\" name=\"form_fields[field_832ea23]\"> <label for=\"form-field-field_832ea23-0\">Parcerias\/Colabora\u00e7\u00f5es<\/label><\/span><span class=\"elementor-field-option\"><input type=\"radio\" value=\"Volunt\u00e1rios\" id=\"form-field-field_832ea23-1\" name=\"form_fields[field_832ea23]\"> <label for=\"form-field-field_832ea23-1\">Volunteer<\/label><\/span><span class=\"elementor-field-option\"><input type=\"radio\" value=\"Associados\" id=\"form-field-field_832ea23-2\" name=\"form_fields[field_832ea23]\"> <label for=\"form-field-field_832ea23-2\">Associate<\/label><\/span><\/div>\t\t\t\t<\/div>\n\t\t\t\t\t\t\t\t<div class=\"elementor-field-type-text elementor-field-group elementor-column elementor-field-group-name elementor-col-50\">\n\t\t\t\t\t\t\t\t\t\t\t\t<label for=\"form-field-name\" class=\"elementor-field-label elementor-screen-only\">\n\t\t\t\t\t\t\t\tName\t\t\t\t\t\t\t<\/label>\n\t\t\t\t\t\t\t\t\t\t\t\t\t\t<input size=\"1\" type=\"text\" name=\"form_fields[name]\" id=\"form-field-name\" class=\"elementor-field elementor-size-sm  elementor-field-textual\" placeholder=\"Name\">\n\t\t\t\t\t\t\t\t\t\t\t<\/div>\n\t\t\t\t\t\t\t\t<div class=\"elementor-field-type-email elementor-field-group elementor-column elementor-field-group-email elementor-col-50 elementor-field-required\">\n\t\t\t\t\t\t\t\t\t\t\t\t<label for=\"form-field-email\" class=\"elementor-field-label elementor-screen-only\">\n\t\t\t\t\t\t\t\temail\t\t\t\t\t\t\t<\/label>\n\t\t\t\t\t\t\t\t\t\t\t\t\t\t<input size=\"1\" type=\"email\" name=\"form_fields[email]\" id=\"form-field-email\" class=\"elementor-field elementor-size-sm  elementor-field-textual\" placeholder=\"Email\" required=\"required\">\n\t\t\t\t\t\t\t\t\t\t\t<\/div>\n\t\t\t\t\t\t\t\t<div class=\"elementor-field-type-textarea elementor-field-group elementor-column elementor-field-group-message elementor-col-100\">\n\t\t\t\t\t\t\t\t\t\t\t\t<label for=\"form-field-message\" class=\"elementor-field-label elementor-screen-only\">\n\t\t\t\t\t\t\t\tcomentario\t\t\t\t\t\t\t<\/label>\n\t\t\t\t\t\t<textarea class=\"elementor-field-textual elementor-field  elementor-size-sm\" name=\"form_fields[message]\" id=\"form-field-message\" rows=\"2\" placeholder=\"Comment......\"><\/textarea>\t\t\t\t<\/div>\n\t\t\t\t\t\t\t\t<div class=\"elementor-field-group elementor-column elementor-field-type-submit elementor-col-100 e-form__buttons\">\n\t\t\t\t\t<button class=\"elementor-button elementor-size-sm\" type=\"submit\">\n\t\t\t\t\t\t<span class=\"elementor-button-content-wrapper\">\n\t\t\t\t\t\t\t\t\t\t\t\t\t\t\t\t\t\t\t\t\t\t<span class=\"elementor-button-text\">Join!<\/span>\n\t\t\t\t\t\t\t\t\t\t\t\t\t<\/span>\n\t\t\t\t\t<\/button>\n\t\t\t\t<\/div>\n\t\t\t<\/div>\n\t\t<input type=\"hidden\" name=\"trp-form-language\" value=\"en\"\/><\/form>\n\t\t\t\t\t\t<\/div>\n\t\t\t\t<\/div>\n\t\t\t\t<\/div>\n\t\t\t\t<\/div>\n\t\t\t\t\t<\/div>\n\t\t\t\t<\/div>\n\t\t\t\t<\/div>","protected":false},"excerpt":{"rendered":"<p>Nossa Miss\u00e3o A Aware In \u00e9 uma associa\u00e7\u00e3o juvenil sem fins lucrativos, sediada na Ilha da Madeira, comprometida com a promo\u00e7\u00e3o do autoconhecimento, do bem-estar emocional e de uma cidadania ativa. Como ativistas pela sa\u00fade mental, trabalhamos para reduzir estigmas e fomentar mudan\u00e7as significativas na maneira como a sociedade encara as emo\u00e7\u00f5es e os desafios [&hellip;]<\/p>","protected":false},"author":1,"featured_media":0,"parent":0,"menu_order":0,"comment_status":"closed","ping_status":"closed","template":"","meta":{"_acf_changed":false,"footnotes":""},"class_list":["post-115","page","type-page","status-publish","hentry"],"acf":[],"_links":{"self":[{"href":"https:\/\/awarein.org\/en\/wp-json\/wp\/v2\/pages\/115","targetHints":{"allow":["GET"]}}],"collection":[{"href":"https:\/\/awarein.org\/en\/wp-json\/wp\/v2\/pages"}],"about":[{"href":"https:\/\/awarein.org\/en\/wp-json\/wp\/v2\/types\/page"}],"author":[{"embeddable":true,"href":"https:\/\/awarein.org\/en\/wp-json\/wp\/v2\/users\/1"}],"replies":[{"embeddable":true,"href":"https:\/\/awarein.org\/en\/wp-json\/wp\/v2\/comments?post=115"}],"version-history":[{"count":33,"href":"https:\/\/awarein.org\/en\/wp-json\/wp\/v2\/pages\/115\/revisions"}],"predecessor-version":[{"id":583,"href":"https:\/\/awarein.org\/en\/wp-json\/wp\/v2\/pages\/115\/revisions\/583"}],"wp:attachment":[{"href":"https:\/\/awarein.org\/en\/wp-json\/wp\/v2\/media?parent=115"}],"curies":[{"name":"wp","href":"https:\/\/api.w.org\/{rel}","templated":true}]}}