{"id":172,"date":"2025-03-22T17:59:51","date_gmt":"2025-03-22T17:59:51","guid":{"rendered":"https:\/\/awarein.org\/?page_id=172"},"modified":"2025-03-24T18:57:58","modified_gmt":"2025-03-24T18:57:58","slug":"blog","status":"publish","type":"page","link":"https:\/\/awarein.org\/en\/blog\/","title":{"rendered":"Blog"},"content":{"rendered":"<div data-elementor-type=\"wp-page\" data-elementor-id=\"172\" class=\"elementor elementor-172\" data-elementor-post-type=\"page\">\n\t\t\t\t<div class=\"elementor-element elementor-element-8381aed e-flex e-con-boxed e-con e-parent\" data-id=\"8381aed\" data-element_type=\"container\" data-e-type=\"container\">\n\t\t\t\t\t<div class=\"e-con-inner\">\n\t\t\t\t<div class=\"elementor-element elementor-element-5de31c7 elementor-widget elementor-widget-spacer\" data-id=\"5de31c7\" data-element_type=\"widget\" data-e-type=\"widget\" data-widget_type=\"spacer.default\">\n\t\t\t\t<div class=\"elementor-widget-container\">\n\t\t\t\t\t\t\t<div class=\"elementor-spacer\">\n\t\t\t<div class=\"elementor-spacer-inner\"><\/div>\n\t\t<\/div>\n\t\t\t\t\t\t<\/div>\n\t\t\t\t<\/div>\n\t\t\t\t<div class=\"elementor-element elementor-element-4c37655 elementor-widget elementor-widget-heading\" data-id=\"4c37655\" data-element_type=\"widget\" data-e-type=\"widget\" data-widget_type=\"heading.default\">\n\t\t\t\t<div class=\"elementor-widget-container\">\n\t\t\t\t\t<h2 class=\"elementor-heading-title elementor-size-default\">Blog<\/h2>\t\t\t\t<\/div>\n\t\t\t\t<\/div>\n\t\t\t\t\t<\/div>\n\t\t\t\t<\/div>\n\t\t<div class=\"elementor-element elementor-element-17df22f e-flex e-con-boxed e-con e-parent\" data-id=\"17df22f\" data-element_type=\"container\" data-e-type=\"container\">\n\t\t\t\t\t<div class=\"e-con-inner\">\n\t\t<div class=\"elementor-element elementor-element-4e56fa6 e-con-full e-flex e-con e-child\" data-id=\"4e56fa6\" data-element_type=\"container\" data-e-type=\"container\">\n\t\t\t\t<div class=\"elementor-element elementor-element-f1ae933 elementor-widget elementor-widget-heading\" data-id=\"f1ae933\" data-element_type=\"widget\" data-e-type=\"widget\" data-widget_type=\"heading.default\">\n\t\t\t\t<div class=\"elementor-widget-container\">\n\t\t\t\t\t<h2 class=\"elementor-heading-title elementor-size-default\">Explore perspectives, challenge the ordinary and transform your world. <\/h2>\t\t\t\t<\/div>\n\t\t\t\t<\/div>\n\t\t\t\t<div class=\"elementor-element elementor-element-1556f36 elementor-widget elementor-widget-heading\" data-id=\"1556f36\" data-element_type=\"widget\" data-e-type=\"widget\" data-widget_type=\"heading.default\">\n\t\t\t\t<div class=\"elementor-widget-container\">\n\t\t\t\t\t<h2 class=\"elementor-heading-title elementor-size-default\">Each step at a time<\/h2>\t\t\t\t<\/div>\n\t\t\t\t<\/div>\n\t\t\t\t<\/div>\n\t\t<div class=\"elementor-element elementor-element-39baaad e-con-full e-flex e-con e-child\" data-id=\"39baaad\" data-element_type=\"container\" data-e-type=\"container\">\n\t\t\t\t<div class=\"elementor-element elementor-element-7c561b0 elementor-widget elementor-widget-text-editor\" data-id=\"7c561b0\" data-element_type=\"widget\" data-e-type=\"widget\" data-widget_type=\"text-editor.default\">\n\t\t\t\t<div class=\"elementor-widget-container\">\n\t\t\t\t\t\t\t\t\t<p>On our blog, we address a range of topics that often make it difficult to have an open and sincere dialogue about everyday challenges.<\/p><p>In a vulnerable and empathetic way, discover inspiring stories, read articles, questions, doubts, reflections, sharing, interviews and reports of experiences from those who are trying to follow this path with us, to build a more conscious society.<\/p>\t\t\t\t\t\t\t\t<\/div>\n\t\t\t\t<\/div>\n\t\t\t\t<\/div>\n\t\t\t\t\t<\/div>\n\t\t\t\t<\/div>\n\t\t<div class=\"elementor-element elementor-element-53e8dee e-flex e-con-boxed e-con e-parent\" data-id=\"53e8dee\" data-element_type=\"container\" data-e-type=\"container\">\n\t\t\t\t\t<div class=\"e-con-inner\">\n\t\t\t\t<div class=\"elementor-element elementor-element-3972d1f elementor-widget elementor-widget-heading\" data-id=\"3972d1f\" data-element_type=\"widget\" data-e-type=\"widget\" data-widget_type=\"heading.default\">\n\t\t\t\t<div class=\"elementor-widget-container\">\n\t\t\t\t\t<h2 class=\"elementor-heading-title elementor-size-default\">News coming soon!<\/h2>\t\t\t\t<\/div>\n\t\t\t\t<\/div>\n\t\t\t\t\t<\/div>\n\t\t\t\t<\/div>\n\t\t\t\t<\/div>","protected":false},"excerpt":{"rendered":"<p>Blog Explora as prespetivas, desafia o comum e transforma o teu mundo. Com um passo de cada vez. No nosso blog, abordamos diversas tem\u00e1ticas que muitas vezes dificultam o di\u00e1logo aberto e sincero sobre os desafios do dia-a-dia. De forma vulner\u00e1vel e emp\u00e1tica, descobre hist\u00f3rias que inspiram, l\u00ea sobre artigos, quest\u00f5es, d\u00favidas, reflex\u00f5es, partilhas, entrevistas [&hellip;]<\/p>","protected":false},"author":1,"featured_media":0,"parent":0,"menu_order":0,"comment_status":"closed","ping_status":"closed","template":"","meta":{"_acf_changed":false,"footnotes":""},"class_list":["post-172","page","type-page","status-publish","hentry"],"acf":[],"_links":{"self":[{"href":"https:\/\/awarein.org\/en\/wp-json\/wp\/v2\/pages\/172","targetHints":{"allow":["GET"]}}],"collection":[{"href":"https:\/\/awarein.org\/en\/wp-json\/wp\/v2\/pages"}],"about":[{"href":"https:\/\/awarein.org\/en\/wp-json\/wp\/v2\/types\/page"}],"author":[{"embeddable":true,"href":"https:\/\/awarein.org\/en\/wp-json\/wp\/v2\/users\/1"}],"replies":[{"embeddable":true,"href":"https:\/\/awarein.org\/en\/wp-json\/wp\/v2\/comments?post=172"}],"version-history":[{"count":17,"href":"https:\/\/awarein.org\/en\/wp-json\/wp\/v2\/pages\/172\/revisions"}],"predecessor-version":[{"id":338,"href":"https:\/\/awarein.org\/en\/wp-json\/wp\/v2\/pages\/172\/revisions\/338"}],"wp:attachment":[{"href":"https:\/\/awarein.org\/en\/wp-json\/wp\/v2\/media?parent=172"}],"curies":[{"name":"wp","href":"https:\/\/api.w.org\/{rel}","templated":true}]}}