{"id":247,"date":"2025-03-22T20:34:00","date_gmt":"2025-03-22T20:34:00","guid":{"rendered":"https:\/\/awarein.org\/?page_id=247"},"modified":"2025-05-17T17:22:18","modified_gmt":"2025-05-17T17:22:18","slug":"projetos","status":"publish","type":"page","link":"https:\/\/awarein.org\/en\/projetos\/","title":{"rendered":"Projects"},"content":{"rendered":"<div data-elementor-type=\"wp-page\" data-elementor-id=\"247\" class=\"elementor elementor-247\" data-elementor-post-type=\"page\">\n\t\t\t\t<div class=\"elementor-element elementor-element-c69a310 e-flex e-con-boxed e-con e-parent\" data-id=\"c69a310\" data-element_type=\"container\" data-e-type=\"container\">\n\t\t\t\t\t<div class=\"e-con-inner\">\n\t\t\t\t<div class=\"elementor-element elementor-element-ec4550f elementor-widget elementor-widget-spacer\" data-id=\"ec4550f\" data-element_type=\"widget\" data-e-type=\"widget\" data-widget_type=\"spacer.default\">\n\t\t\t\t<div class=\"elementor-widget-container\">\n\t\t\t\t\t\t\t<div class=\"elementor-spacer\">\n\t\t\t<div class=\"elementor-spacer-inner\"><\/div>\n\t\t<\/div>\n\t\t\t\t\t\t<\/div>\n\t\t\t\t<\/div>\n\t\t\t\t<div class=\"elementor-element elementor-element-6fee06e elementor-widget elementor-widget-heading\" data-id=\"6fee06e\" data-element_type=\"widget\" data-e-type=\"widget\" data-widget_type=\"heading.default\">\n\t\t\t\t<div class=\"elementor-widget-container\">\n\t\t\t\t\t<h2 class=\"elementor-heading-title elementor-size-default\">Projects<\/h2>\t\t\t\t<\/div>\n\t\t\t\t<\/div>\n\t\t\t\t\t<\/div>\n\t\t\t\t<\/div>\n\t\t<div class=\"elementor-element elementor-element-deec32b e-flex e-con-boxed e-con e-parent\" data-id=\"deec32b\" data-element_type=\"container\" data-e-type=\"container\">\n\t\t\t\t\t<div class=\"e-con-inner\">\n\t\t\t\t<div class=\"elementor-element elementor-element-9de20fd elementor-widget elementor-widget-spacer\" data-id=\"9de20fd\" data-element_type=\"widget\" data-e-type=\"widget\" data-widget_type=\"spacer.default\">\n\t\t\t\t<div class=\"elementor-widget-container\">\n\t\t\t\t\t\t\t<div class=\"elementor-spacer\">\n\t\t\t<div class=\"elementor-spacer-inner\"><\/div>\n\t\t<\/div>\n\t\t\t\t\t\t<\/div>\n\t\t\t\t<\/div>\n\t\t\t\t<div class=\"elementor-element elementor-element-bacd896 elementor-widget elementor-widget-heading\" data-id=\"bacd896\" data-element_type=\"widget\" data-e-type=\"widget\" data-widget_type=\"heading.default\">\n\t\t\t\t<div class=\"elementor-widget-container\">\n\t\t\t\t\t<h2 class=\"elementor-heading-title elementor-size-default\">International<\/h2>\t\t\t\t<\/div>\n\t\t\t\t<\/div>\n\t\t\t\t<div class=\"elementor-element elementor-element-9e9b513 elementor-grid-3 elementor-grid-tablet-2 elementor-grid-mobile-1 elementor-posts--thumbnail-top elementor-posts__hover-gradient elementor-widget elementor-widget-posts\" data-id=\"9e9b513\" data-element_type=\"widget\" data-e-type=\"widget\" data-settings=\"{&quot;cards_columns&quot;:&quot;3&quot;,&quot;cards_columns_tablet&quot;:&quot;2&quot;,&quot;cards_columns_mobile&quot;:&quot;1&quot;,&quot;cards_row_gap&quot;:{&quot;unit&quot;:&quot;px&quot;,&quot;size&quot;:35,&quot;sizes&quot;:[]},&quot;cards_row_gap_tablet&quot;:{&quot;unit&quot;:&quot;px&quot;,&quot;size&quot;:&quot;&quot;,&quot;sizes&quot;:[]},&quot;cards_row_gap_mobile&quot;:{&quot;unit&quot;:&quot;px&quot;,&quot;size&quot;:&quot;&quot;,&quot;sizes&quot;:[]}}\" data-widget_type=\"posts.cards\">\n\t\t\t\t<div class=\"elementor-widget-container\">\n\t\t\t\t\t\t\t<div class=\"elementor-posts-container elementor-posts elementor-posts--skin-cards elementor-grid\">\n\t\t\t\t<article class=\"elementor-post elementor-grid-item post-546 post type-post status-publish format-standard has-post-thumbnail hentry category-internacional category-projetos\">\n\t\t\t<div class=\"elementor-post__card\">\n\t\t\t\t<a class=\"elementor-post__thumbnail__link\" href=\"https:\/\/awarein.org\/en\/working-to-seas-more-opportunities\/\" tabindex=\"-1\" ><div class=\"elementor-post__thumbnail\"><img fetchpriority=\"high\" decoding=\"async\" width=\"300\" height=\"169\" src=\"https:\/\/awarein.org\/wp-content\/uploads\/2025\/05\/4f3692d4-1440-475e-8efc-733fd518e84a-300x169.jpg\" class=\"attachment-medium size-medium wp-image-517\" alt=\"\" srcset=\"https:\/\/awarein.org\/wp-content\/uploads\/2025\/05\/4f3692d4-1440-475e-8efc-733fd518e84a-300x169.jpg 300w, https:\/\/awarein.org\/wp-content\/uploads\/2025\/05\/4f3692d4-1440-475e-8efc-733fd518e84a-1024x576.jpg 1024w, https:\/\/awarein.org\/wp-content\/uploads\/2025\/05\/4f3692d4-1440-475e-8efc-733fd518e84a-768x432.jpg 768w, https:\/\/awarein.org\/wp-content\/uploads\/2025\/05\/4f3692d4-1440-475e-8efc-733fd518e84a-1536x864.jpg 1536w, https:\/\/awarein.org\/wp-content\/uploads\/2025\/05\/4f3692d4-1440-475e-8efc-733fd518e84a-2048x1152.jpg 2048w, https:\/\/awarein.org\/wp-content\/uploads\/2025\/05\/4f3692d4-1440-475e-8efc-733fd518e84a-18x10.jpg 18w\" sizes=\"(max-width: 300px) 100vw, 300px\" \/><\/div><\/a>\n\t\t\t\t<div class=\"elementor-post__text\">\n\t\t\t\t<h3 class=\"elementor-post__title\">\n\t\t\t<a href=\"https:\/\/awarein.org\/en\/working-to-seas-more-opportunities\/\" >\n\t\t\t\tWorking to SEAS More Opportunities\t\t\t<\/a>\n\t\t<\/h3>\n\t\t\n\t\t<a class=\"elementor-post__read-more\" href=\"https:\/\/awarein.org\/en\/working-to-seas-more-opportunities\/\" aria-label=\"Read more about Working to SEAS More Opportunities\" tabindex=\"-1\" >\n\t\t\tRead More\t\t<\/a>\n\n\t\t\t\t<\/div>\n\t\t\t\t\t<\/div>\n\t\t<\/article>\n\t\t\t\t<article class=\"elementor-post elementor-grid-item post-544 post type-post status-publish format-standard hentry category-internacional category-projetos\">\n\t\t\t<div class=\"elementor-post__card\">\n\t\t\t\t<div class=\"elementor-post__text\">\n\t\t\t\t<h3 class=\"elementor-post__title\">\n\t\t\t<a href=\"https:\/\/awarein.org\/en\/offlined\/\" >\n\t\t\t\tOfflinED\t\t\t<\/a>\n\t\t<\/h3>\n\t\t\n\t\t<a class=\"elementor-post__read-more\" href=\"https:\/\/awarein.org\/en\/offlined\/\" aria-label=\"Read more about OfflinED\" tabindex=\"-1\" >\n\t\t\tRead More\t\t<\/a>\n\n\t\t\t\t<\/div>\n\t\t\t\t\t<\/div>\n\t\t<\/article>\n\t\t\t\t<article class=\"elementor-post elementor-grid-item post-506 post type-post status-publish format-standard hentry category-internacional category-projetos\">\n\t\t\t<div class=\"elementor-post__card\">\n\t\t\t\t<div class=\"elementor-post__text\">\n\t\t\t\t<h3 class=\"elementor-post__title\">\n\t\t\t<a href=\"https:\/\/awarein.org\/en\/evaluate-before-discriminate\/\" >\n\t\t\t\tEvaluate Before Discriminate\t\t\t<\/a>\n\t\t<\/h3>\n\t\t\n\t\t<a class=\"elementor-post__read-more\" href=\"https:\/\/awarein.org\/en\/evaluate-before-discriminate\/\" aria-label=\"Read more about Evaluate Before Discriminate\" tabindex=\"-1\" >\n\t\t\tRead More\t\t<\/a>\n\n\t\t\t\t<\/div>\n\t\t\t\t\t<\/div>\n\t\t<\/article>\n\t\t\t\t<article class=\"elementor-post elementor-grid-item post-501 post type-post status-publish format-standard has-post-thumbnail hentry category-internacional category-projetos\">\n\t\t\t<div class=\"elementor-post__card\">\n\t\t\t\t<a class=\"elementor-post__thumbnail__link\" href=\"https:\/\/awarein.org\/en\/unlock-the-euntrepreneur-in-you\/\" tabindex=\"-1\" ><div class=\"elementor-post__thumbnail\"><img decoding=\"async\" width=\"300\" height=\"225\" src=\"https:\/\/awarein.org\/wp-content\/uploads\/2025\/05\/IMG_8224-300x225.jpg\" class=\"attachment-medium size-medium wp-image-398\" alt=\"\" srcset=\"https:\/\/awarein.org\/wp-content\/uploads\/2025\/05\/IMG_8224-300x225.jpg 300w, https:\/\/awarein.org\/wp-content\/uploads\/2025\/05\/IMG_8224-1024x768.jpg 1024w, https:\/\/awarein.org\/wp-content\/uploads\/2025\/05\/IMG_8224-768x576.jpg 768w, https:\/\/awarein.org\/wp-content\/uploads\/2025\/05\/IMG_8224-1536x1152.jpg 1536w, https:\/\/awarein.org\/wp-content\/uploads\/2025\/05\/IMG_8224-2048x1536.jpg 2048w, https:\/\/awarein.org\/wp-content\/uploads\/2025\/05\/IMG_8224-16x12.jpg 16w\" sizes=\"(max-width: 300px) 100vw, 300px\" \/><\/div><\/a>\n\t\t\t\t<div class=\"elementor-post__text\">\n\t\t\t\t<h3 class=\"elementor-post__title\">\n\t\t\t<a href=\"https:\/\/awarein.org\/en\/unlock-the-euntrepreneur-in-you\/\" >\n\t\t\t\tUnlock the EUntrepreneur in You\t\t\t<\/a>\n\t\t<\/h3>\n\t\t\n\t\t<a class=\"elementor-post__read-more\" href=\"https:\/\/awarein.org\/en\/unlock-the-euntrepreneur-in-you\/\" aria-label=\"Read more about Unlock the EUntrepreneur in You\" tabindex=\"-1\" >\n\t\t\tRead More\t\t<\/a>\n\n\t\t\t\t<\/div>\n\t\t\t\t\t<\/div>\n\t\t<\/article>\n\t\t\t\t<article class=\"elementor-post elementor-grid-item post-491 post type-post status-publish format-standard has-post-thumbnail hentry category-internacional category-projetos\">\n\t\t\t<div class=\"elementor-post__card\">\n\t\t\t\t<a class=\"elementor-post__thumbnail__link\" href=\"https:\/\/awarein.org\/en\/shazaam\/\" tabindex=\"-1\" ><div class=\"elementor-post__thumbnail\"><img decoding=\"async\" width=\"225\" height=\"300\" src=\"https:\/\/awarein.org\/wp-content\/uploads\/2025\/05\/IMG_2570-225x300.jpg\" class=\"attachment-medium size-medium wp-image-499\" alt=\"\" srcset=\"https:\/\/awarein.org\/wp-content\/uploads\/2025\/05\/IMG_2570-225x300.jpg 225w, https:\/\/awarein.org\/wp-content\/uploads\/2025\/05\/IMG_2570-768x1024.jpg 768w, https:\/\/awarein.org\/wp-content\/uploads\/2025\/05\/IMG_2570-1152x1536.jpg 1152w, https:\/\/awarein.org\/wp-content\/uploads\/2025\/05\/IMG_2570-1536x2048.jpg 1536w, https:\/\/awarein.org\/wp-content\/uploads\/2025\/05\/IMG_2570-9x12.jpg 9w, https:\/\/awarein.org\/wp-content\/uploads\/2025\/05\/IMG_2570-scaled.jpg 1920w\" sizes=\"(max-width: 225px) 100vw, 225px\" \/><\/div><\/a>\n\t\t\t\t<div class=\"elementor-post__text\">\n\t\t\t\t<h3 class=\"elementor-post__title\">\n\t\t\t<a href=\"https:\/\/awarein.org\/en\/shazaam\/\" >\n\t\t\t\tSHAZAAM\t\t\t<\/a>\n\t\t<\/h3>\n\t\t\n\t\t<a class=\"elementor-post__read-more\" href=\"https:\/\/awarein.org\/en\/shazaam\/\" aria-label=\"Read more about SHAZAAM\" tabindex=\"-1\" >\n\t\t\tRead More\t\t<\/a>\n\n\t\t\t\t<\/div>\n\t\t\t\t\t<\/div>\n\t\t<\/article>\n\t\t\t\t<article class=\"elementor-post elementor-grid-item post-402 post type-post status-publish format-standard has-post-thumbnail hentry category-internacional category-projetos\">\n\t\t\t<div class=\"elementor-post__card\">\n\t\t\t\t<a class=\"elementor-post__thumbnail__link\" href=\"https:\/\/awarein.org\/en\/insideout\/\" tabindex=\"-1\" ><div class=\"elementor-post__thumbnail\"><img loading=\"lazy\" decoding=\"async\" width=\"300\" height=\"200\" src=\"https:\/\/awarein.org\/wp-content\/uploads\/2025\/05\/472920181_122146350512363423_8539664626218488769_n-300x200.jpg\" class=\"attachment-medium size-medium wp-image-403\" alt=\"\" srcset=\"https:\/\/awarein.org\/wp-content\/uploads\/2025\/05\/472920181_122146350512363423_8539664626218488769_n-300x200.jpg 300w, https:\/\/awarein.org\/wp-content\/uploads\/2025\/05\/472920181_122146350512363423_8539664626218488769_n-1024x683.jpg 1024w, https:\/\/awarein.org\/wp-content\/uploads\/2025\/05\/472920181_122146350512363423_8539664626218488769_n-768x513.jpg 768w, https:\/\/awarein.org\/wp-content\/uploads\/2025\/05\/472920181_122146350512363423_8539664626218488769_n-18x12.jpg 18w, https:\/\/awarein.org\/wp-content\/uploads\/2025\/05\/472920181_122146350512363423_8539664626218488769_n.jpg 1440w\" sizes=\"(max-width: 300px) 100vw, 300px\" \/><\/div><\/a>\n\t\t\t\t<div class=\"elementor-post__text\">\n\t\t\t\t<h3 class=\"elementor-post__title\">\n\t\t\t<a href=\"https:\/\/awarein.org\/en\/insideout\/\" >\n\t\t\t\tInsideOut\t\t\t<\/a>\n\t\t<\/h3>\n\t\t\n\t\t<a class=\"elementor-post__read-more\" href=\"https:\/\/awarein.org\/en\/insideout\/\" aria-label=\"Read more about InsideOut\" tabindex=\"-1\" >\n\t\t\tRead More\t\t<\/a>\n\n\t\t\t\t<\/div>\n\t\t\t\t\t<\/div>\n\t\t<\/article>\n\t\t\t\t<\/div>\n\t\t\n\t\t\t\t\t\t<\/div>\n\t\t\t\t<\/div>\n\t\t\t\t<div class=\"elementor-element elementor-element-abea181 elementor-widget elementor-widget-spacer\" data-id=\"abea181\" data-element_type=\"widget\" data-e-type=\"widget\" data-widget_type=\"spacer.default\">\n\t\t\t\t<div class=\"elementor-widget-container\">\n\t\t\t\t\t\t\t<div class=\"elementor-spacer\">\n\t\t\t<div class=\"elementor-spacer-inner\"><\/div>\n\t\t<\/div>\n\t\t\t\t\t\t<\/div>\n\t\t\t\t<\/div>\n\t\t\t\t<div class=\"elementor-element elementor-element-92dce33 elementor-widget elementor-widget-heading\" data-id=\"92dce33\" data-element_type=\"widget\" data-e-type=\"widget\" data-widget_type=\"heading.default\">\n\t\t\t\t<div class=\"elementor-widget-container\">\n\t\t\t\t\t<h2 class=\"elementor-heading-title elementor-size-default\">National<\/h2>\t\t\t\t<\/div>\n\t\t\t\t<\/div>\n\t\t\t\t<div class=\"elementor-element elementor-element-baf9972 elementor-grid-3 elementor-grid-tablet-2 elementor-grid-mobile-1 elementor-posts--thumbnail-top elementor-posts__hover-gradient elementor-widget elementor-widget-posts\" data-id=\"baf9972\" data-element_type=\"widget\" data-e-type=\"widget\" data-settings=\"{&quot;cards_columns&quot;:&quot;3&quot;,&quot;cards_columns_tablet&quot;:&quot;2&quot;,&quot;cards_columns_mobile&quot;:&quot;1&quot;,&quot;cards_row_gap&quot;:{&quot;unit&quot;:&quot;px&quot;,&quot;size&quot;:35,&quot;sizes&quot;:[]},&quot;cards_row_gap_tablet&quot;:{&quot;unit&quot;:&quot;px&quot;,&quot;size&quot;:&quot;&quot;,&quot;sizes&quot;:[]},&quot;cards_row_gap_mobile&quot;:{&quot;unit&quot;:&quot;px&quot;,&quot;size&quot;:&quot;&quot;,&quot;sizes&quot;:[]}}\" data-widget_type=\"posts.cards\">\n\t\t\t\t<div class=\"elementor-widget-container\">\n\t\t\t\t\t\t\t<div class=\"elementor-posts-container elementor-posts elementor-posts--skin-cards elementor-grid\">\n\t\t\t\t<article class=\"elementor-post elementor-grid-item post-504 post type-post status-publish format-standard has-post-thumbnail hentry category-nacional category-projetos\">\n\t\t\t<div class=\"elementor-post__card\">\n\t\t\t\t<a class=\"elementor-post__thumbnail__link\" href=\"https:\/\/awarein.org\/en\/sorrsos\/\" tabindex=\"-1\" ><div class=\"elementor-post__thumbnail\"><img loading=\"lazy\" decoding=\"async\" width=\"300\" height=\"225\" src=\"https:\/\/awarein.org\/wp-content\/uploads\/2025\/03\/3d4ba5de-38dd-4b23-92be-c500023b7552-300x225.jpg\" class=\"attachment-medium size-medium wp-image-78\" alt=\"\" srcset=\"https:\/\/awarein.org\/wp-content\/uploads\/2025\/03\/3d4ba5de-38dd-4b23-92be-c500023b7552-300x225.jpg 300w, https:\/\/awarein.org\/wp-content\/uploads\/2025\/03\/3d4ba5de-38dd-4b23-92be-c500023b7552-1024x768.jpg 1024w, https:\/\/awarein.org\/wp-content\/uploads\/2025\/03\/3d4ba5de-38dd-4b23-92be-c500023b7552-768x576.jpg 768w, https:\/\/awarein.org\/wp-content\/uploads\/2025\/03\/3d4ba5de-38dd-4b23-92be-c500023b7552-1536x1152.jpg 1536w, https:\/\/awarein.org\/wp-content\/uploads\/2025\/03\/3d4ba5de-38dd-4b23-92be-c500023b7552.jpg 2048w\" sizes=\"(max-width: 300px) 100vw, 300px\" \/><\/div><\/a>\n\t\t\t\t<div class=\"elementor-post__text\">\n\t\t\t\t<h3 class=\"elementor-post__title\">\n\t\t\t<a href=\"https:\/\/awarein.org\/en\/sorrsos\/\" >\n\t\t\t\tSorr&#8217;sos\t\t\t<\/a>\n\t\t<\/h3>\n\t\t\n\t\t<a class=\"elementor-post__read-more\" href=\"https:\/\/awarein.org\/en\/sorrsos\/\" aria-label=\"Read more about Sorr&#8217;sos\" tabindex=\"-1\" >\n\t\t\tRead More \u00bb\t\t<\/a>\n\n\t\t\t\t<\/div>\n\t\t\t\t\t<\/div>\n\t\t<\/article>\n\t\t\t\t<article class=\"elementor-post elementor-grid-item post-73 post type-post status-publish format-standard has-post-thumbnail hentry category-nacional category-projetos\">\n\t\t\t<div class=\"elementor-post__card\">\n\t\t\t\t<a class=\"elementor-post__thumbnail__link\" href=\"https:\/\/awarein.org\/en\/forum-online-de-saude-mental\/\" tabindex=\"-1\" ><div class=\"elementor-post__thumbnail\"><img loading=\"lazy\" decoding=\"async\" width=\"300\" height=\"225\" src=\"https:\/\/awarein.org\/wp-content\/uploads\/2025\/03\/cfc9cb61-9f14-4dcf-b24a-0fab547390ee-300x225.jpg\" class=\"attachment-medium size-medium wp-image-49\" alt=\"\" srcset=\"https:\/\/awarein.org\/wp-content\/uploads\/2025\/03\/cfc9cb61-9f14-4dcf-b24a-0fab547390ee-300x225.jpg 300w, https:\/\/awarein.org\/wp-content\/uploads\/2025\/03\/cfc9cb61-9f14-4dcf-b24a-0fab547390ee-1024x768.jpg 1024w, https:\/\/awarein.org\/wp-content\/uploads\/2025\/03\/cfc9cb61-9f14-4dcf-b24a-0fab547390ee-768x576.jpg 768w, https:\/\/awarein.org\/wp-content\/uploads\/2025\/03\/cfc9cb61-9f14-4dcf-b24a-0fab547390ee-1536x1152.jpg 1536w, https:\/\/awarein.org\/wp-content\/uploads\/2025\/03\/cfc9cb61-9f14-4dcf-b24a-0fab547390ee.jpg 2048w\" sizes=\"(max-width: 300px) 100vw, 300px\" \/><\/div><\/a>\n\t\t\t\t<div class=\"elementor-post__text\">\n\t\t\t\t<h3 class=\"elementor-post__title\">\n\t\t\t<a href=\"https:\/\/awarein.org\/en\/forum-online-de-saude-mental\/\" >\n\t\t\t\tF\u00f3rum Online de Sa\u00fade Mental\t\t\t<\/a>\n\t\t<\/h3>\n\t\t\n\t\t<a class=\"elementor-post__read-more\" href=\"https:\/\/awarein.org\/en\/forum-online-de-saude-mental\/\" aria-label=\"Read more about F\u00f3rum Online de Sa\u00fade Mental\" tabindex=\"-1\" >\n\t\t\tRead More \u00bb\t\t<\/a>\n\n\t\t\t\t<\/div>\n\t\t\t\t\t<\/div>\n\t\t<\/article>\n\t\t\t\t<article class=\"elementor-post elementor-grid-item post-68 post type-post status-publish format-standard has-post-thumbnail hentry category-nacional category-projetos\">\n\t\t\t<div class=\"elementor-post__card\">\n\t\t\t\t<a class=\"elementor-post__thumbnail__link\" href=\"https:\/\/awarein.org\/en\/print-mente-aberta-ao-interior-mai\/\" tabindex=\"-1\" ><div class=\"elementor-post__thumbnail\"><img loading=\"lazy\" decoding=\"async\" width=\"300\" height=\"148\" src=\"https:\/\/awarein.org\/wp-content\/uploads\/2025\/03\/mai-300x148.jpg\" class=\"attachment-medium size-medium wp-image-549\" alt=\"\" srcset=\"https:\/\/awarein.org\/wp-content\/uploads\/2025\/03\/mai-300x148.jpg 300w, https:\/\/awarein.org\/wp-content\/uploads\/2025\/03\/mai-1024x506.jpg 1024w, https:\/\/awarein.org\/wp-content\/uploads\/2025\/03\/mai-768x380.jpg 768w, https:\/\/awarein.org\/wp-content\/uploads\/2025\/03\/mai-1536x759.jpg 1536w, https:\/\/awarein.org\/wp-content\/uploads\/2025\/03\/mai-18x9.jpg 18w, https:\/\/awarein.org\/wp-content\/uploads\/2025\/03\/mai.jpg 1600w\" sizes=\"(max-width: 300px) 100vw, 300px\" \/><\/div><\/a>\n\t\t\t\t<div class=\"elementor-post__text\">\n\t\t\t\t<h3 class=\"elementor-post__title\">\n\t\t\t<a href=\"https:\/\/awarein.org\/en\/print-mente-aberta-ao-interior-mai\/\" >\n\t\t\t\tPRINT: Mente Aberta ao Interior (MAI)\t\t\t<\/a>\n\t\t<\/h3>\n\t\t\n\t\t<a class=\"elementor-post__read-more\" href=\"https:\/\/awarein.org\/en\/print-mente-aberta-ao-interior-mai\/\" aria-label=\"Read more about PRINT: Mente Aberta ao Interior (MAI)\" tabindex=\"-1\" >\n\t\t\tRead More \u00bb\t\t<\/a>\n\n\t\t\t\t<\/div>\n\t\t\t\t\t<\/div>\n\t\t<\/article>\n\t\t\t\t<article class=\"elementor-post elementor-grid-item post-66 post type-post status-publish format-standard has-post-thumbnail hentry category-nacional category-projetos\">\n\t\t\t<div class=\"elementor-post__card\">\n\t\t\t\t<a class=\"elementor-post__thumbnail__link\" href=\"https:\/\/awarein.org\/en\/projeto-environmental\/\" tabindex=\"-1\" ><div class=\"elementor-post__thumbnail\"><img loading=\"lazy\" decoding=\"async\" width=\"300\" height=\"225\" src=\"https:\/\/awarein.org\/wp-content\/uploads\/2025\/03\/cfc9cb61-9f14-4dcf-b24a-0fab547390ee-300x225.jpg\" class=\"attachment-medium size-medium wp-image-49\" alt=\"\" srcset=\"https:\/\/awarein.org\/wp-content\/uploads\/2025\/03\/cfc9cb61-9f14-4dcf-b24a-0fab547390ee-300x225.jpg 300w, https:\/\/awarein.org\/wp-content\/uploads\/2025\/03\/cfc9cb61-9f14-4dcf-b24a-0fab547390ee-1024x768.jpg 1024w, https:\/\/awarein.org\/wp-content\/uploads\/2025\/03\/cfc9cb61-9f14-4dcf-b24a-0fab547390ee-768x576.jpg 768w, https:\/\/awarein.org\/wp-content\/uploads\/2025\/03\/cfc9cb61-9f14-4dcf-b24a-0fab547390ee-1536x1152.jpg 1536w, https:\/\/awarein.org\/wp-content\/uploads\/2025\/03\/cfc9cb61-9f14-4dcf-b24a-0fab547390ee.jpg 2048w\" sizes=\"(max-width: 300px) 100vw, 300px\" \/><\/div><\/a>\n\t\t\t\t<div class=\"elementor-post__text\">\n\t\t\t\t<h3 class=\"elementor-post__title\">\n\t\t\t<a href=\"https:\/\/awarein.org\/en\/projeto-environmental\/\" >\n\t\t\t\tEnvironMental\t\t\t<\/a>\n\t\t<\/h3>\n\t\t\n\t\t<a class=\"elementor-post__read-more\" href=\"https:\/\/awarein.org\/en\/projeto-environmental\/\" aria-label=\"Read more about EnvironMental\" tabindex=\"-1\" >\n\t\t\tRead More \u00bb\t\t<\/a>\n\n\t\t\t\t<\/div>\n\t\t\t\t\t<\/div>\n\t\t<\/article>\n\t\t\t\t<article class=\"elementor-post elementor-grid-item post-64 post type-post status-publish format-standard has-post-thumbnail hentry category-nacional category-projetos\">\n\t\t\t<div class=\"elementor-post__card\">\n\t\t\t\t<a class=\"elementor-post__thumbnail__link\" href=\"https:\/\/awarein.org\/en\/sensibilizacao-e-educacao\/\" tabindex=\"-1\" ><div class=\"elementor-post__thumbnail\"><img loading=\"lazy\" decoding=\"async\" width=\"300\" height=\"225\" src=\"https:\/\/awarein.org\/wp-content\/uploads\/2025\/03\/cfc9cb61-9f14-4dcf-b24a-0fab547390ee-300x225.jpg\" class=\"attachment-medium size-medium wp-image-49\" alt=\"\" srcset=\"https:\/\/awarein.org\/wp-content\/uploads\/2025\/03\/cfc9cb61-9f14-4dcf-b24a-0fab547390ee-300x225.jpg 300w, https:\/\/awarein.org\/wp-content\/uploads\/2025\/03\/cfc9cb61-9f14-4dcf-b24a-0fab547390ee-1024x768.jpg 1024w, https:\/\/awarein.org\/wp-content\/uploads\/2025\/03\/cfc9cb61-9f14-4dcf-b24a-0fab547390ee-768x576.jpg 768w, https:\/\/awarein.org\/wp-content\/uploads\/2025\/03\/cfc9cb61-9f14-4dcf-b24a-0fab547390ee-1536x1152.jpg 1536w, https:\/\/awarein.org\/wp-content\/uploads\/2025\/03\/cfc9cb61-9f14-4dcf-b24a-0fab547390ee.jpg 2048w\" sizes=\"(max-width: 300px) 100vw, 300px\" \/><\/div><\/a>\n\t\t\t\t<div class=\"elementor-post__text\">\n\t\t\t\t<h3 class=\"elementor-post__title\">\n\t\t\t<a href=\"https:\/\/awarein.org\/en\/sensibilizacao-e-educacao\/\" >\n\t\t\t\tSensibiliza\u00e7\u00e3o e Educa\u00e7\u00e3o\t\t\t<\/a>\n\t\t<\/h3>\n\t\t\n\t\t<a class=\"elementor-post__read-more\" href=\"https:\/\/awarein.org\/en\/sensibilizacao-e-educacao\/\" aria-label=\"Read more about Sensibiliza\u00e7\u00e3o e Educa\u00e7\u00e3o\" tabindex=\"-1\" >\n\t\t\tRead More \u00bb\t\t<\/a>\n\n\t\t\t\t<\/div>\n\t\t\t\t\t<\/div>\n\t\t<\/article>\n\t\t\t\t<\/div>\n\t\t\n\t\t\t\t\t\t<\/div>\n\t\t\t\t<\/div>\n\t\t\t\t\t<\/div>\n\t\t\t\t<\/div>\n\t\t\t\t<\/div>","protected":false},"excerpt":{"rendered":"<p>Projetos Internacionais Nacionais<\/p>","protected":false},"author":1,"featured_media":0,"parent":0,"menu_order":0,"comment_status":"closed","ping_status":"closed","template":"","meta":{"_acf_changed":false,"footnotes":""},"class_list":["post-247","page","type-page","status-publish","hentry"],"acf":[],"_links":{"self":[{"href":"https:\/\/awarein.org\/en\/wp-json\/wp\/v2\/pages\/247","targetHints":{"allow":["GET"]}}],"collection":[{"href":"https:\/\/awarein.org\/en\/wp-json\/wp\/v2\/pages"}],"about":[{"href":"https:\/\/awarein.org\/en\/wp-json\/wp\/v2\/types\/page"}],"author":[{"embeddable":true,"href":"https:\/\/awarein.org\/en\/wp-json\/wp\/v2\/users\/1"}],"replies":[{"embeddable":true,"href":"https:\/\/awarein.org\/en\/wp-json\/wp\/v2\/comments?post=247"}],"version-history":[{"count":37,"href":"https:\/\/awarein.org\/en\/wp-json\/wp\/v2\/pages\/247\/revisions"}],"predecessor-version":[{"id":536,"href":"https:\/\/awarein.org\/en\/wp-json\/wp\/v2\/pages\/247\/revisions\/536"}],"wp:attachment":[{"href":"https:\/\/awarein.org\/en\/wp-json\/wp\/v2\/media?parent=247"}],"curies":[{"name":"wp","href":"https:\/\/api.w.org\/{rel}","templated":true}]}}